{"id":6381,"date":"2023-12-25T09:26:19","date_gmt":"2023-12-25T09:26:19","guid":{"rendered":"https:\/\/staging.cimzone.com\/kngdok\/?post_type=product&#038;p=6381"},"modified":"2023-12-27T09:16:20","modified_gmt":"2023-12-27T09:16:20","slug":"valcambi-zlatna-poluga-5g","status":"publish","type":"product","link":"https:\/\/staging.cimzone.com\/kngdok\/product\/valcambi-zlatna-poluga-5g\/","title":{"rendered":"Valcambi, Zlatna poluga 5,00g"},"content":{"rendered":"[vc_row type=&#8221;full_width_background&#8221; full_screen_row_position=&#8221;middle&#8221; column_margin=&#8221;default&#8221; equal_height=&#8221;yes&#8221; content_placement=&#8221;middle&#8221; column_direction=&#8221;default&#8221; column_direction_tablet=&#8221;default&#8221; column_direction_phone=&#8221;default&#8221; bg_color=&#8221;#0f003d&#8221; scene_position=&#8221;center&#8221; top_padding=&#8221;8%&#8221; bottom_padding=&#8221;3%&#8221; text_color=&#8221;light&#8221; text_align=&#8221;left&#8221; row_border_radius=&#8221;none&#8221; row_border_radius_applies=&#8221;bg&#8221; overflow=&#8221;visible&#8221; id=&#8221;steps&#8221; row_name=&#8221;Sign Up Steps&#8221; overlay_strength=&#8221;0.3&#8243; gradient_direction=&#8221;left_to_right&#8221; shape_divider_position=&#8221;bottom&#8221; bg_image_animation=&#8221;none&#8221; shape_type=&#8221;&#8221; gradient_type=&#8221;default&#8221;][vc_column column_padding=&#8221;padding-6-percent&#8221; column_padding_tablet=&#8221;inherit&#8221; column_padding_phone=&#8221;inherit&#8221; column_padding_position=&#8221;right&#8221; column_element_direction_desktop=&#8221;default&#8221; column_element_spacing=&#8221;default&#8221; desktop_text_alignment=&#8221;default&#8221; tablet_text_alignment=&#8221;default&#8221; phone_text_alignment=&#8221;default&#8221; background_color_opacity=&#8221;1&#8243; background_hover_color_opacity=&#8221;1&#8243; column_backdrop_filter=&#8221;none&#8221; column_shadow=&#8221;none&#8221; column_border_radius=&#8221;none&#8221; column_link_target=&#8221;_self&#8221; column_position=&#8221;default&#8221; gradient_direction=&#8221;left_to_right&#8221; overlay_strength=&#8221;0.3&#8243; width=&#8221;1\/2&#8243; tablet_width_inherit=&#8221;default&#8221; animation_type=&#8221;default&#8221; bg_image_animation=&#8221;none&#8221; border_type=&#8221;simple&#8221; column_border_width=&#8221;none&#8221; column_border_style=&#8221;solid&#8221; offset=&#8221;vc_col-xs-12&#8243; column_padding_type=&#8221;default&#8221; gradient_type=&#8221;default&#8221;][vc_column_text]\n<h2><span style=\"color: #ffdf9a;\">Dodatne informacije<\/span><\/h2>\n<p>&nbsp;<\/p>\n<p>&#8220;Zlatne poluge od 5 grama proizvedene od strane kompanije Valcambi, najve\u0107e \u0161vajcarske livnice plemenitih metala, obele\u017eje su izvanrednog kvaliteta i .999 fine \u010disto\u0107e.<br \/>\nUz \u010dist i elegantan dizajn, zlatne poluge od 5 grama Valcambi Suisse su savr\u0161en izbor za one koji tra\u017ee izuzetan zlatni proizvod koji nudi najbolju vrednost kada se uzmu u obzir likvidnost, prenosivost i cena po gramu. Preuzimanjem ove zlatne poluge, ne dobijate samo plemeniti metal velike vrednosti izra\u0111en zahvaljuju\u0107i \u0161vajcarskom in\u017eenjerstvu, ve\u0107 i alternativnu \u010dvrstu valutu za koju se podrazumeva da \u0107e biti me\u0111unarodno prihva\u0107ena i lako zamenljiva za novac.<\/p>\n<p>*Napomena: prikazane su fotografije realnih proizvoda&#8221;[\/vc_column_text][vc_column_text]\n<table id=\"tablepress-10\" class=\"tablepress tablepress-id-10\">\n<thead>\n<tr class=\"row-1 odd\">\n\t<th class=\"column-1\">Metal<\/th><th class=\"column-2\">AU<\/th>\n<\/tr>\n<\/thead>\n<tbody class=\"row-hover\">\n<tr class=\"row-2 even\">\n\t<td class=\"column-1\">Fino\u0107a<\/td><td class=\"column-2\">999.9<\/td>\n<\/tr>\n<tr class=\"row-3 odd\">\n\t<td class=\"column-1\">Oblik<\/td><td class=\"column-2\">Pravougaoni<\/td>\n<\/tr>\n<tr class=\"row-4 even\">\n\t<td class=\"column-1\">Dimenzije<\/td><td class=\"column-2\">13,85 x 23,05 x 1,00 mm<\/td>\n<\/tr>\n<tr class=\"row-5 odd\">\n\t<td class=\"column-1\">Neto te\u017eina<\/td><td class=\"column-2\">5,0 g<\/td>\n<\/tr>\n<tr class=\"row-6 even\">\n\t<td class=\"column-1\">Proizvodja\u010d<\/td><td class=\"column-2\">Valcambi<\/td>\n<\/tr>\n<tr class=\"row-7 odd\">\n\t<td class=\"column-1\">Zemlja porekla<\/td><td class=\"column-2\">\u0160vajcarska<\/td>\n<\/tr>\n<\/tbody>\n<\/table>\n<!-- #tablepress-10 from cache -->[\/vc_column_text][\/vc_column][vc_column column_padding=&#8221;no-extra-padding&#8221; column_padding_tablet=&#8221;inherit&#8221; column_padding_phone=&#8221;inherit&#8221; column_padding_position=&#8221;all&#8221; column_element_direction_desktop=&#8221;default&#8221; column_element_spacing=&#8221;default&#8221; desktop_text_alignment=&#8221;default&#8221; tablet_text_alignment=&#8221;default&#8221; phone_text_alignment=&#8221;default&#8221; background_color_opacity=&#8221;1&#8243; background_hover_color_opacity=&#8221;1&#8243; column_backdrop_filter=&#8221;none&#8221; column_shadow=&#8221;none&#8221; column_border_radius=&#8221;none&#8221; column_link_target=&#8221;_self&#8221; column_position=&#8221;default&#8221; gradient_direction=&#8221;left_to_right&#8221; overlay_strength=&#8221;0.3&#8243; width=&#8221;1\/2&#8243; tablet_width_inherit=&#8221;default&#8221; animation_type=&#8221;default&#8221; bg_image_animation=&#8221;none&#8221; border_type=&#8221;simple&#8221; column_border_width=&#8221;none&#8221; column_border_style=&#8221;solid&#8221;][image_with_animation image_url=&#8221;6383&#8243; image_size=&#8221;full&#8221; animation_type=&#8221;entrance&#8221; animation=&#8221;None&#8221; animation_movement_type=&#8221;transform_y&#8221; hover_animation=&#8221;none&#8221; alignment=&#8221;&#8221; border_radius=&#8221;none&#8221; box_shadow=&#8221;none&#8221; image_loading=&#8221;default&#8221; max_width=&#8221;100%&#8221; max_width_mobile=&#8221;default&#8221;][\/vc_column][\/vc_row]\n","protected":false},"excerpt":{"rendered":"<p><span style=\"color: #cc99ff;\"><a id=\"emoji-info-url\" href=\"https:\/\/coolsymbol.com\/copy\/Check_Mark_Emoji_Symbol_%E2%9C%94%EF%B8%8F\"><span id=\"emoji-info-value\"><\/span><\/a><span style=\"color: #99ccff;\"><span id=\"emoji-info-value\">\u2611<\/span>Raspolozivo<\/span><\/span><\/p>\n<p>Otkup: 73000<br \/>\nProdaja: 70000<\/p>\n","protected":false},"featured_media":6382,"comment_status":"open","ping_status":"closed","template":"","meta":[],"product_cat":[33],"product_tag":[49,59],"class_list":{"0":"post-6381","1":"product","2":"type-product","3":"status-publish","4":"has-post-thumbnail","6":"product_cat-zlatne-poluge","7":"product_tag-1g-5g","8":"product_tag-valcambi","10":"first","11":"instock","12":"sale","13":"shipping-taxable","14":"purchasable","15":"product-type-simple"},"yoast_head":"<!-- This site is optimized with the Yoast SEO plugin v22.8 - https:\/\/yoast.com\/wordpress\/plugins\/seo\/ -->\n<title>Valcambi, Zlatna poluga 5,00g - KingGold-DOK<\/title>\n<meta name=\"robots\" content=\"index, follow, max-snippet:-1, max-image-preview:large, max-video-preview:-1\" \/>\n<link rel=\"canonical\" href=\"https:\/\/staging.cimzone.com\/kngdok\/product\/valcambi-zlatna-poluga-5g\/\" \/>\n<meta property=\"og:locale\" content=\"bs_BA\" \/>\n<meta property=\"og:type\" content=\"article\" \/>\n<meta property=\"og:title\" content=\"Valcambi, Zlatna poluga 5,00g - KingGold-DOK\" \/>\n<meta property=\"og:description\" content=\"\u2611Raspolozivo  Otkup: 73000 Prodaja: 70000\" \/>\n<meta property=\"og:url\" content=\"https:\/\/staging.cimzone.com\/kngdok\/product\/valcambi-zlatna-poluga-5g\/\" \/>\n<meta property=\"og:site_name\" content=\"KingGold-DOK\" \/>\n<meta property=\"article:modified_time\" content=\"2023-12-27T09:16:20+00:00\" \/>\n<meta property=\"og:image\" content=\"https:\/\/staging.cimzone.com\/kngdok\/wp-content\/uploads\/2023\/12\/Valcambi-Zlatna-5g-prednja-svila-web.png\" \/>\n\t<meta property=\"og:image:width\" content=\"1200\" \/>\n\t<meta property=\"og:image:height\" content=\"1200\" \/>\n\t<meta property=\"og:image:type\" content=\"image\/png\" \/>\n<meta name=\"twitter:card\" content=\"summary_large_image\" \/>\n<meta name=\"twitter:label1\" content=\"Est. reading time\" \/>\n\t<meta name=\"twitter:data1\" content=\"2 minute\" \/>\n<script type=\"application\/ld+json\" class=\"yoast-schema-graph\">{\"@context\":\"https:\/\/schema.org\",\"@graph\":[{\"@type\":\"WebPage\",\"@id\":\"https:\/\/staging.cimzone.com\/kngdok\/product\/valcambi-zlatna-poluga-5g\/\",\"url\":\"https:\/\/staging.cimzone.com\/kngdok\/product\/valcambi-zlatna-poluga-5g\/\",\"name\":\"Valcambi, Zlatna poluga 5,00g - KingGold-DOK\",\"isPartOf\":{\"@id\":\"https:\/\/staging.cimzone.com\/kngdok\/#website\"},\"primaryImageOfPage\":{\"@id\":\"https:\/\/staging.cimzone.com\/kngdok\/product\/valcambi-zlatna-poluga-5g\/#primaryimage\"},\"image\":{\"@id\":\"https:\/\/staging.cimzone.com\/kngdok\/product\/valcambi-zlatna-poluga-5g\/#primaryimage\"},\"thumbnailUrl\":\"https:\/\/staging.cimzone.com\/kngdok\/wp-content\/uploads\/2023\/12\/Valcambi-Zlatna-5g-prednja-svila-web.png\",\"datePublished\":\"2023-12-25T09:26:19+00:00\",\"dateModified\":\"2023-12-27T09:16:20+00:00\",\"breadcrumb\":{\"@id\":\"https:\/\/staging.cimzone.com\/kngdok\/product\/valcambi-zlatna-poluga-5g\/#breadcrumb\"},\"inLanguage\":\"bs-BA\",\"potentialAction\":[{\"@type\":\"ReadAction\",\"target\":[\"https:\/\/staging.cimzone.com\/kngdok\/product\/valcambi-zlatna-poluga-5g\/\"]}]},{\"@type\":\"ImageObject\",\"inLanguage\":\"bs-BA\",\"@id\":\"https:\/\/staging.cimzone.com\/kngdok\/product\/valcambi-zlatna-poluga-5g\/#primaryimage\",\"url\":\"https:\/\/staging.cimzone.com\/kngdok\/wp-content\/uploads\/2023\/12\/Valcambi-Zlatna-5g-prednja-svila-web.png\",\"contentUrl\":\"https:\/\/staging.cimzone.com\/kngdok\/wp-content\/uploads\/2023\/12\/Valcambi-Zlatna-5g-prednja-svila-web.png\",\"width\":1200,\"height\":1200},{\"@type\":\"BreadcrumbList\",\"@id\":\"https:\/\/staging.cimzone.com\/kngdok\/product\/valcambi-zlatna-poluga-5g\/#breadcrumb\",\"itemListElement\":[{\"@type\":\"ListItem\",\"position\":1,\"name\":\"Home\",\"item\":\"https:\/\/staging.cimzone.com\/kngdok\/\"},{\"@type\":\"ListItem\",\"position\":2,\"name\":\"Shop\",\"item\":\"https:\/\/staging.cimzone.com\/kngdok\/shop\/\"},{\"@type\":\"ListItem\",\"position\":3,\"name\":\"Valcambi, Zlatna poluga 5,00g\"}]},{\"@type\":\"WebSite\",\"@id\":\"https:\/\/staging.cimzone.com\/kngdok\/#website\",\"url\":\"https:\/\/staging.cimzone.com\/kngdok\/\",\"name\":\"King-DOK\",\"description\":\"King DOK WebShop\",\"publisher\":{\"@id\":\"https:\/\/staging.cimzone.com\/kngdok\/#organization\"},\"potentialAction\":[{\"@type\":\"SearchAction\",\"target\":{\"@type\":\"EntryPoint\",\"urlTemplate\":\"https:\/\/staging.cimzone.com\/kngdok\/?s={search_term_string}\"},\"query-input\":\"required name=search_term_string\"}],\"inLanguage\":\"bs-BA\"},{\"@type\":\"Organization\",\"@id\":\"https:\/\/staging.cimzone.com\/kngdok\/#organization\",\"name\":\"King-DOK\",\"url\":\"https:\/\/staging.cimzone.com\/kngdok\/\",\"logo\":{\"@type\":\"ImageObject\",\"inLanguage\":\"bs-BA\",\"@id\":\"https:\/\/staging.cimzone.com\/kngdok\/#\/schema\/logo\/image\/\",\"url\":\"https:\/\/staging.cimzone.com\/kngdok\/wp-content\/uploads\/2023\/12\/FAV-Icon.png\",\"contentUrl\":\"https:\/\/staging.cimzone.com\/kngdok\/wp-content\/uploads\/2023\/12\/FAV-Icon.png\",\"width\":512,\"height\":512,\"caption\":\"King-DOK\"},\"image\":{\"@id\":\"https:\/\/staging.cimzone.com\/kngdok\/#\/schema\/logo\/image\/\"}}]}<\/script>\n<!-- \/ Yoast SEO plugin. -->","yoast_head_json":{"title":"Valcambi, Zlatna poluga 5,00g - KingGold-DOK","robots":{"index":"index","follow":"follow","max-snippet":"max-snippet:-1","max-image-preview":"max-image-preview:large","max-video-preview":"max-video-preview:-1"},"canonical":"https:\/\/staging.cimzone.com\/kngdok\/product\/valcambi-zlatna-poluga-5g\/","og_locale":"bs_BA","og_type":"article","og_title":"Valcambi, Zlatna poluga 5,00g - KingGold-DOK","og_description":"\u2611Raspolozivo  Otkup: 73000 Prodaja: 70000","og_url":"https:\/\/staging.cimzone.com\/kngdok\/product\/valcambi-zlatna-poluga-5g\/","og_site_name":"KingGold-DOK","article_modified_time":"2023-12-27T09:16:20+00:00","og_image":[{"width":1200,"height":1200,"url":"https:\/\/staging.cimzone.com\/kngdok\/wp-content\/uploads\/2023\/12\/Valcambi-Zlatna-5g-prednja-svila-web.png","type":"image\/png"}],"twitter_card":"summary_large_image","twitter_misc":{"Est. reading time":"2 minute"},"schema":{"@context":"https:\/\/schema.org","@graph":[{"@type":"WebPage","@id":"https:\/\/staging.cimzone.com\/kngdok\/product\/valcambi-zlatna-poluga-5g\/","url":"https:\/\/staging.cimzone.com\/kngdok\/product\/valcambi-zlatna-poluga-5g\/","name":"Valcambi, Zlatna poluga 5,00g - KingGold-DOK","isPartOf":{"@id":"https:\/\/staging.cimzone.com\/kngdok\/#website"},"primaryImageOfPage":{"@id":"https:\/\/staging.cimzone.com\/kngdok\/product\/valcambi-zlatna-poluga-5g\/#primaryimage"},"image":{"@id":"https:\/\/staging.cimzone.com\/kngdok\/product\/valcambi-zlatna-poluga-5g\/#primaryimage"},"thumbnailUrl":"https:\/\/staging.cimzone.com\/kngdok\/wp-content\/uploads\/2023\/12\/Valcambi-Zlatna-5g-prednja-svila-web.png","datePublished":"2023-12-25T09:26:19+00:00","dateModified":"2023-12-27T09:16:20+00:00","breadcrumb":{"@id":"https:\/\/staging.cimzone.com\/kngdok\/product\/valcambi-zlatna-poluga-5g\/#breadcrumb"},"inLanguage":"bs-BA","potentialAction":[{"@type":"ReadAction","target":["https:\/\/staging.cimzone.com\/kngdok\/product\/valcambi-zlatna-poluga-5g\/"]}]},{"@type":"ImageObject","inLanguage":"bs-BA","@id":"https:\/\/staging.cimzone.com\/kngdok\/product\/valcambi-zlatna-poluga-5g\/#primaryimage","url":"https:\/\/staging.cimzone.com\/kngdok\/wp-content\/uploads\/2023\/12\/Valcambi-Zlatna-5g-prednja-svila-web.png","contentUrl":"https:\/\/staging.cimzone.com\/kngdok\/wp-content\/uploads\/2023\/12\/Valcambi-Zlatna-5g-prednja-svila-web.png","width":1200,"height":1200},{"@type":"BreadcrumbList","@id":"https:\/\/staging.cimzone.com\/kngdok\/product\/valcambi-zlatna-poluga-5g\/#breadcrumb","itemListElement":[{"@type":"ListItem","position":1,"name":"Home","item":"https:\/\/staging.cimzone.com\/kngdok\/"},{"@type":"ListItem","position":2,"name":"Shop","item":"https:\/\/staging.cimzone.com\/kngdok\/shop\/"},{"@type":"ListItem","position":3,"name":"Valcambi, Zlatna poluga 5,00g"}]},{"@type":"WebSite","@id":"https:\/\/staging.cimzone.com\/kngdok\/#website","url":"https:\/\/staging.cimzone.com\/kngdok\/","name":"King-DOK","description":"King DOK WebShop","publisher":{"@id":"https:\/\/staging.cimzone.com\/kngdok\/#organization"},"potentialAction":[{"@type":"SearchAction","target":{"@type":"EntryPoint","urlTemplate":"https:\/\/staging.cimzone.com\/kngdok\/?s={search_term_string}"},"query-input":"required name=search_term_string"}],"inLanguage":"bs-BA"},{"@type":"Organization","@id":"https:\/\/staging.cimzone.com\/kngdok\/#organization","name":"King-DOK","url":"https:\/\/staging.cimzone.com\/kngdok\/","logo":{"@type":"ImageObject","inLanguage":"bs-BA","@id":"https:\/\/staging.cimzone.com\/kngdok\/#\/schema\/logo\/image\/","url":"https:\/\/staging.cimzone.com\/kngdok\/wp-content\/uploads\/2023\/12\/FAV-Icon.png","contentUrl":"https:\/\/staging.cimzone.com\/kngdok\/wp-content\/uploads\/2023\/12\/FAV-Icon.png","width":512,"height":512,"caption":"King-DOK"},"image":{"@id":"https:\/\/staging.cimzone.com\/kngdok\/#\/schema\/logo\/image\/"}}]}},"jetpack_sharing_enabled":true,"_links":{"self":[{"href":"https:\/\/staging.cimzone.com\/kngdok\/wp-json\/wp\/v2\/product\/6381","targetHints":{"allow":["GET"]}}],"collection":[{"href":"https:\/\/staging.cimzone.com\/kngdok\/wp-json\/wp\/v2\/product"}],"about":[{"href":"https:\/\/staging.cimzone.com\/kngdok\/wp-json\/wp\/v2\/types\/product"}],"replies":[{"embeddable":true,"href":"https:\/\/staging.cimzone.com\/kngdok\/wp-json\/wp\/v2\/comments?post=6381"}],"wp:featuredmedia":[{"embeddable":true,"href":"https:\/\/staging.cimzone.com\/kngdok\/wp-json\/wp\/v2\/media\/6382"}],"wp:attachment":[{"href":"https:\/\/staging.cimzone.com\/kngdok\/wp-json\/wp\/v2\/media?parent=6381"}],"wp:term":[{"taxonomy":"product_cat","embeddable":true,"href":"https:\/\/staging.cimzone.com\/kngdok\/wp-json\/wp\/v2\/product_cat?post=6381"},{"taxonomy":"product_tag","embeddable":true,"href":"https:\/\/staging.cimzone.com\/kngdok\/wp-json\/wp\/v2\/product_tag?post=6381"}],"curies":[{"name":"wp","href":"https:\/\/api.w.org\/{rel}","templated":true}]}}